{"id":7639,"date":"2024-07-25T12:57:35","date_gmt":"2024-07-25T09:57:35","guid":{"rendered":"https:\/\/peopallid.dev2.sdhost.eu\/muugitingimused\/"},"modified":"2024-07-25T12:57:35","modified_gmt":"2024-07-25T09:57:35","slug":"muugitingimused","status":"publish","type":"page","link":"https:\/\/peopallid.dev2.sdhost.eu\/ru\/muugitingimused\/","title":{"rendered":"M\u00fc\u00fcgitingimused"},"content":{"rendered":"\t\t<div data-elementor-type=\"wp-page\" data-elementor-id=\"7639\" class=\"elementor elementor-7639 elementor-627\" data-elementor-post-type=\"page\">\n\t\t\t\t<div class=\"elementor-element elementor-element-507f1e8 e-flex e-con-boxed e-con e-parent\" data-id=\"507f1e8\" data-element_type=\"container\" data-e-type=\"container\">\n\t\t\t\t\t<div class=\"e-con-inner\">\n\t\t\t\t<div class=\"elementor-element elementor-element-2e92ebe8 elementor-widget elementor-widget-text-editor\" data-id=\"2e92ebe8\" data-element_type=\"widget\" data-e-type=\"widget\" data-widget_type=\"text-editor.default\">\n\t\t\t\t<div class=\"elementor-widget-container\"><p><b>1. \u00dcLDINFO<\/b><\/p>\n<p>1.1. M\u00fc\u00fcgitingimused kehtivad peopallid.ee e-poe klientide (edaspidi Klient) ja peopallid.ee omaniku Melior Group O\u00dc (edaspidi PEOPALLID.EE) vahel kaupade ostmisel tekkivate \u00f5iguste ja kohustuste kohta.<\/p>\n<p>1.2. Veebipoe omanik on Melior Group O\u00dc (registrikood: 12869074, juriidiline aadress: Tornim\u00e4e tn 5, Tallinn 10145),\u00a0<\/p>\n<p>asukoht: Ravi 2\/Tatari 43, Tallinn 10134\u200e; telefon: (\u200e+372) 53 44 29 21; e-post:\u00a0info@peopallid.ee\u200e; veebipood: www.peopallid.ee.<\/p>\n<p>1.3. Kliendi poolt esitatud tellimus on ostu-m\u00fc\u00fcgi leping. PEOPALLID.EE j\u00e4tab endale \u00f5iguse vajadusel tellimus t\u00fchistada.<\/p>\n<p>1.4. PEOPALLID.EE j\u00e4tab endale \u00f5iguse k\u00e4esolevaid tingimusi ja hinnakirja \u00fchepoolselt muuta ning t\u00e4iendada. Tingimuste ja hinnakirja muudatused ning t\u00e4iendused j\u00f5ustuvad alates nimetatud informatsiooni ilmumise momendist veebilehel www.peopallid.ee. Kui Klient edastas oma tellimuse enne tingimuste muudatuste j\u00f5ustumist, siis Kliendi jaoks kehtivad tellimuse edastamise ajal kehtinud tingimusi, v.a kui seaduses v\u00f5i k\u00e4esolevates tingimustes on ette n\u00e4htud teisiti.<\/p>\n<p>1.5. PEOPALLID.EE e-poes tellimust vormistades ning ettemaksu sooritades, kinnitab Klient, et ta on tutvunud m\u00fc\u00fcgitingimustega ja on nendega n\u00f5us.<\/p>\n<p><b>2. K\u00c4TTETOIMETAMINE<\/b><\/p>\n<p>2.1. Kliendil on v\u00f5imalik valida j\u00e4rgnevate kohaletoimetamise viiside vahel:<\/p>\n<p>&#8212; TASUTA kauba k\u00e4ttesaamine meie PEOPALLID.EE salongist lahtioleku aegadel E-L 10:00-18:00, P 10:00-15:00.<\/p>\n<p>&#8212; k\u00e4ttesaamine Cargobus, Itella v\u00f5i Omniva pakiautomaadist (v.a. juhul heeliumiga t\u00e4idetud \u00f5hupallid).<\/p>\n<p>&#8212; kulleriga Kliendi poolt n\u00e4idatud aadressile E-P 10:00-21:00 (Tallinna piires, Kuller (Peetri, Tabasalu, Kakum\u00e4e, Tiskre, Viimsi).<\/p>\n<p>2.2. PEOPALLID.EE salong j\u00e4tab endale \u00f5iguse muuta kohaletoimetamise viise.<\/p>\n<p><b>3. KAUBAD, TEENUSED<\/b><\/p>\n<p>3.1. Kaubad ja teenused &#8212; k\u00f5ik kaubad ja teenused, mis on esitatud www.peopallid.ee e-poes. Kodulehel v\u00f5ib esineda illustratiivse t\u00e4hendusega tootepilte.<\/p>\n<p><b>4. HINNAKIRI<\/b><\/p>\n<p>4.1. PEOPALLID.EE veebipoes m\u00fc\u00fcdavate toodete hinnad on m\u00e4rgitud toodete juurde.<\/p>\n<p>4.2. PEOPALLID.EE e-poes m\u00fc\u00fcdavate toodete hinnad on toodud eurodes ning sisaldavad k\u00e4ibemaksu.<\/p>\n<p>4.3. Kauba kohaletoimetamise hind s\u00f5ltub Kliendi poolt tellimuse vormistamisel valitud kohaletoimetamise viisist.<\/p>\n<p>4.4. PEOPALLID.EE j\u00e4tab endale \u00f5iguse korrigeerida hindu, postikulusid ja muude lisateenuste maksumust. Kui Klient edastas oma tellimuse enne hinna muudatuste j\u00f5ustumist, siis Kliendi jaoks kehtib hind, mis oli ettemaksuarvel kajastatud tellimuse vormistamise momendil.<\/p>\n<p><b>5. TELLIMUSTE VORMISTAMINE<\/b><\/p>\n<p>5.1. Kauba tellimiseks tuleb lisada soovitud tooted ostukorvi. Tellimuse vormistamiseks tuleb t\u00e4ita n\u00f5utud andmev\u00e4ljad ning valida sobiv toodete kohaletoimetamise viis. Seej\u00e4rel kuvatakse ekraanile tasu suurus, mille saab tasuda pangalingi kaudu v\u00f5i muu makselahenduse abil. Tellimuse maksumusele v\u00f5ib lisanduda teenustasu vastavalt Kliendi ja panga- v\u00f5i krediitkaardi v\u00e4ljastaja vahel s\u00f5lmitud lepingule.<\/p>\n<p>5.2. Leping j\u00f5ustub alates tasumisele kuuluva summa laekumisest PEOPALLID.EE arvelduskontole.<\/p>\n<p>5.3. Kui tellitud kaupa ei ole v\u00f5imalik tarnida seoses kauba l\u00f5ppemisega v\u00f5i muul p\u00f5hjusel, teavitatakse sellest ostjat esimesel v\u00f5imalusel ning tagastatakse tasutud raha (sh kauba k\u00e4ttetoimetamise kulud) \u00fcldjuhul 3 t\u00f6\u00f6p\u00e4eva jooksul. S\u00f5ltuvalt makseviisist v\u00f5ib laekumine aega v\u00f5tta kuni 7 t\u00f6\u00f6p\u00e4eva.<\/p>\n<p><b>6. TELLIMUSTE V\u00c4LJASTAMINE<\/b><\/p>\n<p>6.1. PEOPALLID.EE salong &#8212; kliendile v\u00e4ljastatakse kaubad isikut t\u00f5endava dokumendi ning tellimuse numbri esitamisel. Isikut t\u00f5endava dokumendi puudumisel v\u00f5ib PEOPALLID.EE j\u00e4tta kauba v\u00e4ljastamata.<\/p>\n<p><b>7. KOHALETOIMETAMINE<\/b><\/p>\n<p>7.1. Kauba k\u00e4ttesaamine pakiautomaadist (v.a. heeliumiga \u00f5hupallid):<\/p>\n<p>7.1.1. Kauba kohaletoimetamisel Kliendi poolt valitud Itella v\u00f5i Omniva pakiautomaati lisandub kauba hinnale kohaletoimetamise tasu 4.99\u20ac.<\/p>\n<p>7.1.2. Tellitud kaup postitatakse hiljemalt kolme t\u00f6\u00f6p\u00e4eva jooksul, peale makse laekumist. Kaup komplekteeritakse kokku vastavalt kauba saadavusest PEOPALLID.EE salongis.\u00a0<\/p>\n<p>7.1.3. Kauba kohalej\u00f5udmisest pakiautomaati teavitatakse Klienti SMS-teatega, mis sisaldab pakiautomaadi ukse avamiseks unikaalset uksekoodi.<\/p>\n<p>7.1.4. Juhul, kui Klient ei ole hoiut\u00e4htaja m\u00f6\u00f6dudes pakiautomaadist kaupa vastu v\u00f5tnud, loeb PEOPALLID.EE, et Klient on tellimusest loobunud ning PEOPALLID.EE tagastab Kliendile ostusumma (va kohaletoimetamise kulud) viivitamata, kuid mitte hiljem kui 14 kalendrip\u00e4eva jooksul samale arvelduskontole, millelt ostu eest tasuti.<\/p>\n<p>7.1.5. Eetisisesed saadetised j\u00f5uavad \u00fcldjuhul ostja m\u00e4\u00e4ratud sihtpunkti 3 t\u00f6\u00f6p\u00e4eva jooksul alates m\u00fc\u00fcgilepingu j\u00f5ustumist. PEOPALLID.EE ei vastuta toodete kohaletoimetamise viibimise eest juhul, kui tooted on logistikapartneritele \u00fcle antud \u00f5igeaegselt, kuid kohaletoimetamise viibimine on tingitud asjaoludest, mida PEOPALLID.EE ei saanud m\u00f5jutada v\u00f5i ette n\u00e4ha.<\/p>\n<p>7.1.6. PEOPALLID.EE ei vastuta Kliendile tekkinud kahju eest, kui PEOPALLID.EE mittetulenevatel p\u00f5hjustel on kolmandad isikud saanud oma valdusse pakiautomaadi unikaalse koodi ning selle alusel on kaup k\u00e4tte saadud.<\/p>\n<p>7.2. Kauba k\u00e4ttesaamine kulleriga (sh heeliumiga t\u00e4idetud \u00f5hupallid):<\/p>\n<p>7.2.1. Toodete k\u00e4ttesaamiseks kulleriga soovitud aadressil, tuleb kirjutada kommentaaridesse tellimuse vormistamisel ajavahemik, m\u00e4\u00e4rata aadress ning valida &#171;Kuller Tallinnas&#187; v\u00f5i &#171;Kuller (Peetri, Tabasalu, Kakum\u00e4e, Tiskre, Viimsi)&#187;.<\/p>\n<p>7.2.2. Valides Kauba kohaletoimetamiseks Kulleri, lisandub kauba hinnale kohaletoimetamise tasu, mille suurus s\u00f5ltub Kliendi asukohast ning kuvatakse tellimuse vormistamisel.<\/p>\n<p>7.2.3. Olenevalt Kliendi soovist, kiiresti riknev kaup nagu heeliumiga t\u00e4idetud \u00f5hupallid tarnitakse kohale samal p\u00e4eval 2 tunni jooksul (E-P ajavahemikus kl 10:00-21:00) peale makse laekumist PEOPALLID.EE arveldusarvele.<\/p>\n<p><b>8. KAUBA TAGASTAMINE, LEPINGUST TAGANEMINE JA TAGASIMAKSED<\/b><\/p>\n<p>8.1. Veebipoest tellitud kaubad &#8212; k\u00f5ik kaubad, v.a. heeliumiga t\u00e4idetud \u00f5hupallid.<\/p>\n<p>8.2. Kliendil on \u00f5igus p\u00f5hjust esitamata lepingust taganeda 14 kalendrip\u00e4eva jooksul alates kauba k\u00e4ttesaamisest.<\/p>\n<p>8.3. Klient on kohustatud taganemis\u00f5iguse kasutamisel tagastama kauba PEOPALLID.EE hiljemalt 14 p\u00e4eva jooksul.<\/p>\n<p>8.4. Klient v\u00f5ib kasutada lepingust taganemise \u00f5igust, kui kaup on kasutamata ja rikkumata. Tagastamisega seotud otsesed kulud kannab Klient. On vajalik tagastada kaubad originaal-transpordipakendis.<\/p>\n<p>8.5. Tagastatav kaup (v.a. heeliumiga t\u00e4idetud \u00f5hupallid) peab olema kasutamata ja rikkumata. Kliendil on \u00f5igus kaubaga tutvuda viisil, nagu see on lubatud tavap\u00e4raselt poes ning Klient vastutab kaubaga tutvumisel kauba v\u00e4\u00e4rtuse v\u00e4henemise eest, kui ta on kaupa kasutanud eeltoodust muul viisil.<\/p>\n<p>8.6. Juhul, kui Klient on tehingust taganenud, tagastab PEOPALLID.EE Kliendile ostusumma, kuid mitte hiljem kui 14 kalendrip\u00e4eva jooksul taganemisavalduse j\u00f5udmisest PEOPALLID.EE. Tagasimakse tehakse samale arvelduskontole, millelt ostu eest tasuti.<\/p>\n<p>8.7.Tagastamisele kuuluva kauba halvenemise korral vastutab Klient kauba kasutamisest tingitud v\u00e4\u00e4rtuse v\u00e4henemise eest. Juhul, kui Klient on p\u00f5hjustanud tagastatava kauba halvenemise, on PEOPALLID.EE \u00f5igus n\u00f5uda Kliendilt kauba kasutamisest tingitud v\u00e4\u00e4rtuse v\u00e4henemise h\u00fcvitamist.<\/p>\n<p>8.8. PEOPALLID.EE on \u00f5igus keelduda ostusumma tagastamisest kui tegemist on kiiresti rikneva kaubaga (nt t\u00e4idetud \u00f5hupallid).<\/p>\n<p><b>9. KAUBA KONTROLLIMINE<\/b><\/p>\n<p>9.1. Kauba k\u00e4ttesaamisel tuleb Kliendil kontrollida selle seisukorda. Puuduste korral tuleb koheselt informeerida PEOPALLID.EE telefonil (+372) 53 44 29 21 v\u00f5i e-posti aadressil\u00a0info@peopallid.ee, v\u00f5imalusel pildistada kaupa;<\/p>\n<p>9.2. Juhul, kui Klient avastab kauba k\u00e4ttesaamisel, et talle on saadetud vale v\u00f5i defektne kaup v\u00f5i kaup ei j\u00f5ua Kliendini heas seisukorras ja kinnises pakendis, tuleb sellest koheselt teavitada PEOPALLID.EE.<\/p>\n<p>9.3. Juhul, kui Klient on rikkunud pakendi hooletuse t\u00f5ttu ehk tootepakendit oli v\u00f5imalik avada seda kahjustamata, on PEOPALLID.EE \u00f5igus kaupade tagastamisel n\u00f5uda tekitatud kahju h\u00fcvitamist.<\/p>\n<p>9.4. PEOPALLID.EE vastutab Kliendi poolt ostetud kauba eest selle transportimise jooksul. Kauba k\u00e4ttesaamise hetkest l\u00e4heb kauba kahjustumise v\u00f5i kadumise risk \u00fcle Kliendile.<\/p>\n<p><b>10. VASTUTUS JA V\u00c4\u00c4RAMATU J\u00d5UD<\/b><\/p>\n<p>10.1. PEOPALLID.EE vastutab Kliendi ees k\u00e4esolevate tingimuste rikkumisega tekitatud kahju eest Eesti Vabariigis kehtivates \u00f5igusaktides s\u00e4testatud juhtudel ja ulatuses.<\/p>\n<p>10.2. Klient vastutab PEOPALLID.EE ees k\u00e4esolevate tingimuste rikkumisega tekitatud kahju eest Eesti Vabariigis kehtivates \u00f5igusaktides s\u00e4testatud juhtudel ja ulatuses.<\/p>\n<p>10.3. Kumbki osapool ei vastuta teise osapoole eest ning tema k\u00e4itumist ei loeta k\u00e4esolevate tingimuste rikkumiseks oma mistahes kohustuse teostamisega viivitamise v\u00f5i selle mitteteostamise t\u00f5ttu, kui nimetatud viivituse v\u00f5i mitteteostamise p\u00f5hjus ei olnud nimetatud osapoole poolt kontrollitav (v\u00e4\u00e4ramatu j\u00f5ud).<\/p>\n<p>10.4. PEOPALLID.EE ei kompenseeri moraalset kahju, mida v\u00f5ib tekitada Kliendile tarneaegade, hindade ja muude tingimuste muutmine k\u00e4esolevate tingimuste raames. PEOPALLID.EE ei kompenseeri Kliendile tarneaegade, hindade ja muude tingimuste muutmise tagaj\u00e4rjena ilmnenud mittekasutatud v\u00f5imalusi.<\/p>\n<p><b>11. VAIDLUSTE LAHENDAMINE<\/b><\/p>\n<p>11.1. Kui Kliendil on veebipoe osas pretensioone, tuleb need saata e-kirja aadressile\u00a0info@peopallid.ee\u00a0v\u00f5i helistada telefonil (+372) 53 44 29 21.<\/p>\n<p>11.2. Kui Klient ja PEOPALLID.EE ei suuda lahenda vaidlust kokkuleppe teel, siis on Kliendil v\u00f5imalik p\u00f6\u00f6rduda Tarbijavaidluste komisjoni poole.<\/p><\/div>\n\t\t\t\t<\/div>\n\t\t\t\t\t<\/div>\n\t\t\t\t<\/div>\t\t<\/div>\n\t\t","protected":false},"excerpt":{"rendered":"<p>1. \u00dcLDINFO 1.1. M\u00fc\u00fcgitingimused kehtivad peopallid.ee e-poe klientide (edaspidi Klient) ja peopallid.ee omaniku Melior Group O\u00dc (edaspidi PEOPALLID.EE) vahel kaupade ostmisel tekkivate \u00f5iguste ja kohustuste kohta. 1.2. Veebipoe omanik on Melior Group O\u00dc (registrikood: 12869074, juriidiline aadress: Tornim\u00e4e tn 5, Tallinn 10145),\u00a0 asukoht: Ravi 2\/Tatari 43, Tallinn 10134\u200e; telefon: (\u200e+372) 53 44 29 21; e-post:\u00a0info@peopallid.ee\u200e; [&hellip;]<\/p>\n","protected":false},"author":1,"featured_media":0,"parent":0,"menu_order":0,"comment_status":"closed","ping_status":"closed","template":"","meta":{"footnotes":""},"class_list":["post-7639","page","type-page","status-publish","hentry"],"blocksy_meta":[],"yoast_head":"<!-- This site is optimized with the Yoast SEO plugin v23.2 - https:\/\/yoast.com\/wordpress\/plugins\/seo\/ -->\n<title>M\u00fc\u00fcgitingimused - PEOPALLID<\/title>\n<meta name=\"robots\" content=\"noindex, follow, max-snippet:-1, max-image-preview:large, max-video-preview:-1\" \/>\n<meta property=\"og:locale\" content=\"ru_RU\" \/>\n<meta property=\"og:type\" content=\"article\" \/>\n<meta property=\"og:title\" content=\"M\u00fc\u00fcgitingimused - PEOPALLID\" \/>\n<meta property=\"og:description\" content=\"1. \u00dcLDINFO 1.1. M\u00fc\u00fcgitingimused kehtivad peopallid.ee e-poe klientide (edaspidi Klient) ja peopallid.ee omaniku Melior Group O\u00dc (edaspidi PEOPALLID.EE) vahel kaupade ostmisel tekkivate \u00f5iguste ja kohustuste kohta. 1.2. Veebipoe omanik on Melior Group O\u00dc (registrikood: 12869074, juriidiline aadress: Tornim\u00e4e tn 5, Tallinn 10145),\u00a0 asukoht: Ravi 2\/Tatari 43, Tallinn 10134\u200e; telefon: (\u200e+372) 53 44 29 21; e-post:\u00a0info@peopallid.ee\u200e; [&hellip;]\" \/>\n<meta property=\"og:url\" content=\"https:\/\/peopallid.dev2.sdhost.eu\/ru\/muugitingimused\/\" \/>\n<meta property=\"og:site_name\" content=\"PEOPALLID\" \/>\n<meta property=\"article:publisher\" content=\"https:\/\/www.facebook.com\/peopall\/\" \/>\n<meta name=\"twitter:card\" content=\"summary_large_image\" \/>\n<meta name=\"twitter:label1\" content=\"\u041f\u0440\u0438\u043c\u0435\u0440\u043d\u043e\u0435 \u0432\u0440\u0435\u043c\u044f \u0434\u043b\u044f \u0447\u0442\u0435\u043d\u0438\u044f\" \/>\n\t<meta name=\"twitter:data1\" content=\"6 \u043c\u0438\u043d\u0443\u0442\" \/>\n<script type=\"application\/ld+json\" class=\"yoast-schema-graph\">{\"@context\":\"https:\/\/schema.org\",\"@graph\":[{\"@type\":\"WebPage\",\"@id\":\"https:\/\/peopallid.dev2.sdhost.eu\/ru\/muugitingimused\/\",\"url\":\"https:\/\/peopallid.dev2.sdhost.eu\/ru\/muugitingimused\/\",\"name\":\"M\u00fc\u00fcgitingimused - PEOPALLID\",\"isPartOf\":{\"@id\":\"https:\/\/peopallid.dev2.sdhost.eu\/ru\/#website\"},\"datePublished\":\"2024-07-25T09:57:35+00:00\",\"dateModified\":\"2024-07-25T09:57:35+00:00\",\"breadcrumb\":{\"@id\":\"https:\/\/peopallid.dev2.sdhost.eu\/ru\/muugitingimused\/#breadcrumb\"},\"inLanguage\":\"ru-RU\",\"potentialAction\":[{\"@type\":\"ReadAction\",\"target\":[\"https:\/\/peopallid.dev2.sdhost.eu\/ru\/muugitingimused\/\"]}]},{\"@type\":\"BreadcrumbList\",\"@id\":\"https:\/\/peopallid.dev2.sdhost.eu\/ru\/muugitingimused\/#breadcrumb\",\"itemListElement\":[{\"@type\":\"ListItem\",\"position\":1,\"name\":\"Home\",\"item\":\"https:\/\/peopallid.dev2.sdhost.eu\/ru\/\"},{\"@type\":\"ListItem\",\"position\":2,\"name\":\"M\u00fc\u00fcgitingimused\"}]},{\"@type\":\"WebSite\",\"@id\":\"https:\/\/peopallid.dev2.sdhost.eu\/ru\/#website\",\"url\":\"https:\/\/peopallid.dev2.sdhost.eu\/ru\/\",\"name\":\"PEOPALLID\",\"description\":\"\",\"publisher\":{\"@id\":\"https:\/\/peopallid.dev2.sdhost.eu\/ru\/#organization\"},\"potentialAction\":[{\"@type\":\"SearchAction\",\"target\":{\"@type\":\"EntryPoint\",\"urlTemplate\":\"https:\/\/peopallid.dev2.sdhost.eu\/ru\/?s={search_term_string}\"},\"query-input\":\"required name=search_term_string\"}],\"inLanguage\":\"ru-RU\"},{\"@type\":\"Organization\",\"@id\":\"https:\/\/peopallid.dev2.sdhost.eu\/ru\/#organization\",\"name\":\"PEOPALLID\",\"url\":\"https:\/\/peopallid.dev2.sdhost.eu\/ru\/\",\"logo\":{\"@type\":\"ImageObject\",\"inLanguage\":\"ru-RU\",\"@id\":\"https:\/\/peopallid.dev2.sdhost.eu\/ru\/#\/schema\/logo\/image\/\",\"url\":\"https:\/\/peopallid.dev2.sdhost.eu\/wp-content\/uploads\/2024\/08\/logo-500x100-1.png\",\"contentUrl\":\"https:\/\/peopallid.dev2.sdhost.eu\/wp-content\/uploads\/2024\/08\/logo-500x100-1.png\",\"width\":500,\"height\":100,\"caption\":\"PEOPALLID\"},\"image\":{\"@id\":\"https:\/\/peopallid.dev2.sdhost.eu\/ru\/#\/schema\/logo\/image\/\"},\"sameAs\":[\"https:\/\/www.facebook.com\/peopall\/\",\"https:\/\/www.instagram.com\/peopallid.ee\"]}]}<\/script>\n<!-- \/ Yoast SEO plugin. -->","yoast_head_json":{"title":"M\u00fc\u00fcgitingimused - PEOPALLID","robots":{"index":"noindex","follow":"follow","max-snippet":"max-snippet:-1","max-image-preview":"max-image-preview:large","max-video-preview":"max-video-preview:-1"},"og_locale":"ru_RU","og_type":"article","og_title":"M\u00fc\u00fcgitingimused - PEOPALLID","og_description":"1. \u00dcLDINFO 1.1. M\u00fc\u00fcgitingimused kehtivad peopallid.ee e-poe klientide (edaspidi Klient) ja peopallid.ee omaniku Melior Group O\u00dc (edaspidi PEOPALLID.EE) vahel kaupade ostmisel tekkivate \u00f5iguste ja kohustuste kohta. 1.2. Veebipoe omanik on Melior Group O\u00dc (registrikood: 12869074, juriidiline aadress: Tornim\u00e4e tn 5, Tallinn 10145),\u00a0 asukoht: Ravi 2\/Tatari 43, Tallinn 10134\u200e; telefon: (\u200e+372) 53 44 29 21; e-post:\u00a0info@peopallid.ee\u200e; [&hellip;]","og_url":"https:\/\/peopallid.dev2.sdhost.eu\/ru\/muugitingimused\/","og_site_name":"PEOPALLID","article_publisher":"https:\/\/www.facebook.com\/peopall\/","twitter_card":"summary_large_image","twitter_misc":{"\u041f\u0440\u0438\u043c\u0435\u0440\u043d\u043e\u0435 \u0432\u0440\u0435\u043c\u044f \u0434\u043b\u044f \u0447\u0442\u0435\u043d\u0438\u044f":"6 \u043c\u0438\u043d\u0443\u0442"},"schema":{"@context":"https:\/\/schema.org","@graph":[{"@type":"WebPage","@id":"https:\/\/peopallid.dev2.sdhost.eu\/ru\/muugitingimused\/","url":"https:\/\/peopallid.dev2.sdhost.eu\/ru\/muugitingimused\/","name":"M\u00fc\u00fcgitingimused - PEOPALLID","isPartOf":{"@id":"https:\/\/peopallid.dev2.sdhost.eu\/ru\/#website"},"datePublished":"2024-07-25T09:57:35+00:00","dateModified":"2024-07-25T09:57:35+00:00","breadcrumb":{"@id":"https:\/\/peopallid.dev2.sdhost.eu\/ru\/muugitingimused\/#breadcrumb"},"inLanguage":"ru-RU","potentialAction":[{"@type":"ReadAction","target":["https:\/\/peopallid.dev2.sdhost.eu\/ru\/muugitingimused\/"]}]},{"@type":"BreadcrumbList","@id":"https:\/\/peopallid.dev2.sdhost.eu\/ru\/muugitingimused\/#breadcrumb","itemListElement":[{"@type":"ListItem","position":1,"name":"Home","item":"https:\/\/peopallid.dev2.sdhost.eu\/ru\/"},{"@type":"ListItem","position":2,"name":"M\u00fc\u00fcgitingimused"}]},{"@type":"WebSite","@id":"https:\/\/peopallid.dev2.sdhost.eu\/ru\/#website","url":"https:\/\/peopallid.dev2.sdhost.eu\/ru\/","name":"PEOPALLID","description":"","publisher":{"@id":"https:\/\/peopallid.dev2.sdhost.eu\/ru\/#organization"},"potentialAction":[{"@type":"SearchAction","target":{"@type":"EntryPoint","urlTemplate":"https:\/\/peopallid.dev2.sdhost.eu\/ru\/?s={search_term_string}"},"query-input":"required name=search_term_string"}],"inLanguage":"ru-RU"},{"@type":"Organization","@id":"https:\/\/peopallid.dev2.sdhost.eu\/ru\/#organization","name":"PEOPALLID","url":"https:\/\/peopallid.dev2.sdhost.eu\/ru\/","logo":{"@type":"ImageObject","inLanguage":"ru-RU","@id":"https:\/\/peopallid.dev2.sdhost.eu\/ru\/#\/schema\/logo\/image\/","url":"https:\/\/peopallid.dev2.sdhost.eu\/wp-content\/uploads\/2024\/08\/logo-500x100-1.png","contentUrl":"https:\/\/peopallid.dev2.sdhost.eu\/wp-content\/uploads\/2024\/08\/logo-500x100-1.png","width":500,"height":100,"caption":"PEOPALLID"},"image":{"@id":"https:\/\/peopallid.dev2.sdhost.eu\/ru\/#\/schema\/logo\/image\/"},"sameAs":["https:\/\/www.facebook.com\/peopall\/","https:\/\/www.instagram.com\/peopallid.ee"]}]}},"_links":{"self":[{"href":"https:\/\/peopallid.dev2.sdhost.eu\/ru\/wp-json\/wp\/v2\/pages\/7639"}],"collection":[{"href":"https:\/\/peopallid.dev2.sdhost.eu\/ru\/wp-json\/wp\/v2\/pages"}],"about":[{"href":"https:\/\/peopallid.dev2.sdhost.eu\/ru\/wp-json\/wp\/v2\/types\/page"}],"author":[{"embeddable":true,"href":"https:\/\/peopallid.dev2.sdhost.eu\/ru\/wp-json\/wp\/v2\/users\/1"}],"replies":[{"embeddable":true,"href":"https:\/\/peopallid.dev2.sdhost.eu\/ru\/wp-json\/wp\/v2\/comments?post=7639"}],"version-history":[{"count":0,"href":"https:\/\/peopallid.dev2.sdhost.eu\/ru\/wp-json\/wp\/v2\/pages\/7639\/revisions"}],"wp:attachment":[{"href":"https:\/\/peopallid.dev2.sdhost.eu\/ru\/wp-json\/wp\/v2\/media?parent=7639"}],"curies":[{"name":"wp","href":"https:\/\/api.w.org\/{rel}","templated":true}]}}